{"id":20469,"date":"2020-03-03T10:34:16","date_gmt":"2020-03-03T10:34:16","guid":{"rendered":"http:\/\/festtraeume.de\/wordpress\/?post_type=product&#038;p=20469"},"modified":"2020-03-03T10:35:39","modified_gmt":"2020-03-03T10:35:39","slug":"kuchengabel-gebindepreis-pro-40-stueck","status":"publish","type":"product","link":"https:\/\/festtraeume.de\/wordpress\/product\/kuchengabel-gebindepreis-pro-40-stueck\/","title":{"rendered":"Kuchengabel (Gebindepreis pro 40 St\u00fcck)"},"content":{"rendered":"<p>Kuchengabel \u201eOslo\u201c 15cm<\/p>\n<p>1 Gebindeeinheit = 40 St\u00fcck<\/p>\n<p>Modernes schlankes Besteck in geradlinigem Design. Hochglanzpoliert.<\/p>\n","protected":false},"excerpt":{"rendered":"<p>Men\u00fcgabel \u201eOslo\u201c 20,5cm<br \/>\nModernes schlankes Besteck in geradlinigem Design. Hochglanzpoliert.<br \/>\n1 Gebindeeinheit = 40 St\u00fcck<br \/>\nPreis \u20ac 20,00 (Gebindepreis)<\/p>\n","protected":false},"featured_media":20470,"template":"","meta":[],"product_cat":[218],"product_tag":[],"yoast_head":"<!-- This site is optimized with the Yoast SEO plugin v19.3 - https:\/\/yoast.com\/wordpress\/plugins\/seo\/ -->\n<title>Kuchengabel (Gebindepreis pro 40 St\u00fcck) &ndash; FESTTR\u00c4UME<\/title>\n<meta name=\"robots\" content=\"index, follow, max-snippet:-1, max-image-preview:large, max-video-preview:-1\" \/>\n<link rel=\"canonical\" href=\"https:\/\/festtraeume.de\/wordpress\/product\/kuchengabel-gebindepreis-pro-40-stueck\/\" \/>\n<meta property=\"og:locale\" content=\"de_DE\" \/>\n<meta property=\"og:type\" content=\"article\" \/>\n<meta property=\"og:title\" content=\"Kuchengabel (Gebindepreis pro 40 St\u00fcck) &ndash; FESTTR\u00c4UME\" \/>\n<meta property=\"og:description\" content=\"Men\u00fcgabel \u201eOslo\u201c 20,5cm Modernes schlankes Besteck in geradlinigem Design. Hochglanzpoliert. 1 Gebindeeinheit = 40 St\u00fcck Preis \u20ac 20,00 (Gebindepreis)\" \/>\n<meta property=\"og:url\" content=\"https:\/\/festtraeume.de\/wordpress\/product\/kuchengabel-gebindepreis-pro-40-stueck\/\" \/>\n<meta property=\"og:site_name\" content=\"FESTTR\u00c4UME\" \/>\n<meta property=\"article:modified_time\" content=\"2020-03-03T10:35:39+00:00\" \/>\n<meta property=\"og:image\" content=\"https:\/\/festtraeume.de\/wordpress\/wp-content\/uploads\/2020\/03\/Kuchengabel-scaled.jpg\" \/>\n\t<meta property=\"og:image:width\" content=\"2560\" \/>\n\t<meta property=\"og:image:height\" content=\"395\" \/>\n\t<meta property=\"og:image:type\" content=\"image\/jpeg\" \/>\n<meta name=\"twitter:card\" content=\"summary_large_image\" \/>\n<script type=\"application\/ld+json\" class=\"yoast-schema-graph\">{\"@context\":\"https:\/\/schema.org\",\"@graph\":[{\"@type\":\"Organization\",\"@id\":\"https:\/\/festtraeume.de\/wordpress\/#organization\",\"name\":\"Geschirrverleih Festtr\u00e4ume in Balingen\",\"url\":\"https:\/\/festtraeume.de\/wordpress\/\",\"sameAs\":[],\"logo\":{\"@type\":\"ImageObject\",\"inLanguage\":\"de\",\"@id\":\"https:\/\/festtraeume.de\/wordpress\/#\/schema\/logo\/image\/\",\"url\":\"\",\"contentUrl\":\"\",\"caption\":\"Geschirrverleih Festtr\u00e4ume in Balingen\"},\"image\":{\"@id\":\"https:\/\/festtraeume.de\/wordpress\/#\/schema\/logo\/image\/\"}},{\"@type\":\"WebSite\",\"@id\":\"https:\/\/festtraeume.de\/wordpress\/#website\",\"url\":\"https:\/\/festtraeume.de\/wordpress\/\",\"name\":\"Geschirrverleih Festtr\u00e4ume in Balingen - Teller, Besteck, Gl\u00e4ser mieten\",\"description\":\"\",\"publisher\":{\"@id\":\"https:\/\/festtraeume.de\/wordpress\/#organization\"},\"potentialAction\":[{\"@type\":\"SearchAction\",\"target\":{\"@type\":\"EntryPoint\",\"urlTemplate\":\"https:\/\/festtraeume.de\/wordpress\/?s={search_term_string}\"},\"query-input\":\"required name=search_term_string\"}],\"inLanguage\":\"de\"},{\"@type\":\"ImageObject\",\"inLanguage\":\"de\",\"@id\":\"https:\/\/festtraeume.de\/wordpress\/product\/kuchengabel-gebindepreis-pro-40-stueck\/#primaryimage\",\"url\":\"https:\/\/festtraeume.de\/wordpress\/wp-content\/uploads\/2020\/03\/Kuchengabel-scaled.jpg\",\"contentUrl\":\"https:\/\/festtraeume.de\/wordpress\/wp-content\/uploads\/2020\/03\/Kuchengabel-scaled.jpg\",\"width\":2560,\"height\":395},{\"@type\":\"WebPage\",\"@id\":\"https:\/\/festtraeume.de\/wordpress\/product\/kuchengabel-gebindepreis-pro-40-stueck\/\",\"url\":\"https:\/\/festtraeume.de\/wordpress\/product\/kuchengabel-gebindepreis-pro-40-stueck\/\",\"name\":\"Kuchengabel (Gebindepreis pro 40 St\u00fcck) &ndash; FESTTR\u00c4UME\",\"isPartOf\":{\"@id\":\"https:\/\/festtraeume.de\/wordpress\/#website\"},\"primaryImageOfPage\":{\"@id\":\"https:\/\/festtraeume.de\/wordpress\/product\/kuchengabel-gebindepreis-pro-40-stueck\/#primaryimage\"},\"datePublished\":\"2020-03-03T10:34:16+00:00\",\"dateModified\":\"2020-03-03T10:35:39+00:00\",\"breadcrumb\":{\"@id\":\"https:\/\/festtraeume.de\/wordpress\/product\/kuchengabel-gebindepreis-pro-40-stueck\/#breadcrumb\"},\"inLanguage\":\"de\",\"potentialAction\":[{\"@type\":\"ReadAction\",\"target\":[\"https:\/\/festtraeume.de\/wordpress\/product\/kuchengabel-gebindepreis-pro-40-stueck\/\"]}]},{\"@type\":\"BreadcrumbList\",\"@id\":\"https:\/\/festtraeume.de\/wordpress\/product\/kuchengabel-gebindepreis-pro-40-stueck\/#breadcrumb\",\"itemListElement\":[{\"@type\":\"ListItem\",\"position\":1,\"name\":\"Startseite\",\"item\":\"https:\/\/festtraeume.de\/wordpress\/\"},{\"@type\":\"ListItem\",\"position\":2,\"name\":\"Verleih-Shop\",\"item\":\"https:\/\/festtraeume.de\/wordpress\/verleih-shop\/\"},{\"@type\":\"ListItem\",\"position\":3,\"name\":\"Kuchengabel (Gebindepreis pro 40 St\u00fcck)\"}]}]}<\/script>\n<!-- \/ Yoast SEO plugin. -->","yoast_head_json":{"title":"Kuchengabel (Gebindepreis pro 40 St\u00fcck) &ndash; FESTTR\u00c4UME","robots":{"index":"index","follow":"follow","max-snippet":"max-snippet:-1","max-image-preview":"max-image-preview:large","max-video-preview":"max-video-preview:-1"},"canonical":"https:\/\/festtraeume.de\/wordpress\/product\/kuchengabel-gebindepreis-pro-40-stueck\/","og_locale":"de_DE","og_type":"article","og_title":"Kuchengabel (Gebindepreis pro 40 St\u00fcck) &ndash; FESTTR\u00c4UME","og_description":"Men\u00fcgabel \u201eOslo\u201c 20,5cm Modernes schlankes Besteck in geradlinigem Design. Hochglanzpoliert. 1 Gebindeeinheit = 40 St\u00fcck Preis \u20ac 20,00 (Gebindepreis)","og_url":"https:\/\/festtraeume.de\/wordpress\/product\/kuchengabel-gebindepreis-pro-40-stueck\/","og_site_name":"FESTTR\u00c4UME","article_modified_time":"2020-03-03T10:35:39+00:00","og_image":[{"width":2560,"height":395,"url":"https:\/\/festtraeume.de\/wordpress\/wp-content\/uploads\/2020\/03\/Kuchengabel-scaled.jpg","type":"image\/jpeg"}],"twitter_card":"summary_large_image","schema":{"@context":"https:\/\/schema.org","@graph":[{"@type":"Organization","@id":"https:\/\/festtraeume.de\/wordpress\/#organization","name":"Geschirrverleih Festtr\u00e4ume in Balingen","url":"https:\/\/festtraeume.de\/wordpress\/","sameAs":[],"logo":{"@type":"ImageObject","inLanguage":"de","@id":"https:\/\/festtraeume.de\/wordpress\/#\/schema\/logo\/image\/","url":"","contentUrl":"","caption":"Geschirrverleih Festtr\u00e4ume in Balingen"},"image":{"@id":"https:\/\/festtraeume.de\/wordpress\/#\/schema\/logo\/image\/"}},{"@type":"WebSite","@id":"https:\/\/festtraeume.de\/wordpress\/#website","url":"https:\/\/festtraeume.de\/wordpress\/","name":"Geschirrverleih Festtr\u00e4ume in Balingen - Teller, Besteck, Gl\u00e4ser mieten","description":"","publisher":{"@id":"https:\/\/festtraeume.de\/wordpress\/#organization"},"potentialAction":[{"@type":"SearchAction","target":{"@type":"EntryPoint","urlTemplate":"https:\/\/festtraeume.de\/wordpress\/?s={search_term_string}"},"query-input":"required name=search_term_string"}],"inLanguage":"de"},{"@type":"ImageObject","inLanguage":"de","@id":"https:\/\/festtraeume.de\/wordpress\/product\/kuchengabel-gebindepreis-pro-40-stueck\/#primaryimage","url":"https:\/\/festtraeume.de\/wordpress\/wp-content\/uploads\/2020\/03\/Kuchengabel-scaled.jpg","contentUrl":"https:\/\/festtraeume.de\/wordpress\/wp-content\/uploads\/2020\/03\/Kuchengabel-scaled.jpg","width":2560,"height":395},{"@type":"WebPage","@id":"https:\/\/festtraeume.de\/wordpress\/product\/kuchengabel-gebindepreis-pro-40-stueck\/","url":"https:\/\/festtraeume.de\/wordpress\/product\/kuchengabel-gebindepreis-pro-40-stueck\/","name":"Kuchengabel (Gebindepreis pro 40 St\u00fcck) &ndash; FESTTR\u00c4UME","isPartOf":{"@id":"https:\/\/festtraeume.de\/wordpress\/#website"},"primaryImageOfPage":{"@id":"https:\/\/festtraeume.de\/wordpress\/product\/kuchengabel-gebindepreis-pro-40-stueck\/#primaryimage"},"datePublished":"2020-03-03T10:34:16+00:00","dateModified":"2020-03-03T10:35:39+00:00","breadcrumb":{"@id":"https:\/\/festtraeume.de\/wordpress\/product\/kuchengabel-gebindepreis-pro-40-stueck\/#breadcrumb"},"inLanguage":"de","potentialAction":[{"@type":"ReadAction","target":["https:\/\/festtraeume.de\/wordpress\/product\/kuchengabel-gebindepreis-pro-40-stueck\/"]}]},{"@type":"BreadcrumbList","@id":"https:\/\/festtraeume.de\/wordpress\/product\/kuchengabel-gebindepreis-pro-40-stueck\/#breadcrumb","itemListElement":[{"@type":"ListItem","position":1,"name":"Startseite","item":"https:\/\/festtraeume.de\/wordpress\/"},{"@type":"ListItem","position":2,"name":"Verleih-Shop","item":"https:\/\/festtraeume.de\/wordpress\/verleih-shop\/"},{"@type":"ListItem","position":3,"name":"Kuchengabel (Gebindepreis pro 40 St\u00fcck)"}]}]}},"_links":{"self":[{"href":"https:\/\/festtraeume.de\/wordpress\/wp-json\/wp\/v2\/product\/20469"}],"collection":[{"href":"https:\/\/festtraeume.de\/wordpress\/wp-json\/wp\/v2\/product"}],"about":[{"href":"https:\/\/festtraeume.de\/wordpress\/wp-json\/wp\/v2\/types\/product"}],"wp:featuredmedia":[{"embeddable":true,"href":"https:\/\/festtraeume.de\/wordpress\/wp-json\/wp\/v2\/media\/20470"}],"wp:attachment":[{"href":"https:\/\/festtraeume.de\/wordpress\/wp-json\/wp\/v2\/media?parent=20469"}],"wp:term":[{"taxonomy":"product_cat","embeddable":true,"href":"https:\/\/festtraeume.de\/wordpress\/wp-json\/wp\/v2\/product_cat?post=20469"},{"taxonomy":"product_tag","embeddable":true,"href":"https:\/\/festtraeume.de\/wordpress\/wp-json\/wp\/v2\/product_tag?post=20469"}],"curies":[{"name":"wp","href":"https:\/\/api.w.org\/{rel}","templated":true}]}}