{"id":2799,"date":"2019-02-04T20:43:11","date_gmt":"2019-02-04T20:43:11","guid":{"rendered":"http:\/\/festtraeume.de\/wordpress\/?page_id=2799"},"modified":"2020-02-16T19:07:42","modified_gmt":"2020-02-16T19:07:42","slug":"allgemeine-geschaeftsbedingungen","status":"publish","type":"page","link":"https:\/\/festtraeume.de\/wordpress\/allgemeine-geschaeftsbedingungen\/","title":{"rendered":"Allgemeine Gesch\u00e4ftsbedingungen"},"content":{"rendered":"<p><strong>Allgemeine Gesch\u00e4ftsbedingungen FestTr\u00e4ume Veranstaltungsagentur<\/strong><\/p>\n<p>&nbsp;<\/p>\n<p>Der Mietpreis gilt pro Gebinde ab Lager f\u00fcr jeweils 3 Tage (= 1 Mieteinheit), auch wenn die gemieteten Artikel vorzeitig und\/oder unbenutzt zur\u00fcckgegeben werden. Sonntage und Feiertage werden nicht berechnet. Werden die Mietartikel nicht termingerecht innerhalb der vereinbarten R\u00fcckgabezeiten zur\u00fcckgegeben, verl\u00e4ngert sich das Mietverh\u00e4ltnis automatisch bis zum Tag der R\u00fcckgabe. F\u00fcr jede angefangene Mieteinheit wird die volle Geb\u00fchr berechnet.<\/p>\n<p>Preis\u00e4nderungen aufgrund von Mehrwertsteuer-Erh\u00f6hungen und Gesetzes\u00e4nderungen sind vorbehalten.<\/p>\n<p>Auf Wunsch bringt die Fa. FestTr\u00e4ume das Leihzubeh\u00f6r zu Ihnen. Daf\u00fcr werden Transportkosten, sowie Arbeitszeit f\u00fcr Fahrt und Ladezeit unseres Fahrers je nach Aufwand f\u00e4llig.<\/p>\n<p>Um Ressourcen zu schonen, nutzen wir vorhandene Logistikstrukturen und legen unsere Touren sinnvoll.<br \/>\nAus diesem Grund bedienen wir keine Wunschtermine, sondern fahren Sie intelligent disponiert an.<\/p>\n<p>Den Lieferzeitraum f\u00fcr Ihr Leihzubeh\u00f6r teilen wir Ihnen gerne zwei Arbeitstage vor Auslieferung mit.<\/p>\n<p>Wir liefern bis hinter die erste ebenerdige T\u00fcre.<\/p>\n<p>Bei Anlieferung und Abholung im vereinbarten Zeitraum hat der Mieter daf\u00fcr zu sorgen, dass er selbst oder eine von ihm bevollm\u00e4chtigte Person anwesend ist. Der Mietgutempfang muss per Unterschrift auf dem Lieferschein gegengezeichnet werden. Sollte der Mieter zum vereinbarten Termin der Anlieferung nicht anwesend sein, wird das Leihzubeh\u00f6r am vereinbarten Abladeplatz hinterlassen und der Mieter erkennt die ordnungsgem\u00e4\u00dfe und vollst\u00e4ndige Anlieferung an.<br \/>\nEventuelle Fehlmengen oder Reklamationen m\u00fcssen innerhalb von zwei Stunden nach Waren\u00fcbergabe an die Fa. FestTr\u00e4ume per Email oder Telefon gemeldet werden.<\/p>\n<p>Zur R\u00fcckgabe verwenden Sie die gleichen Boxen und Kisten wie bei der Anlieferung und halten die Ware am Abladeplatz abholfertig bereit. Auch hier k\u00f6nnen Sie zwei Arbeitstage vor Abholung Ihr pers\u00f6nliches Zeitfenster erfragen.<\/p>\n<p>Der Mietpreis sowie die Transportkosten beinhalten nicht den Auf- und Abbau, sowie das Verpacken oder Einsammeln der gemieteten Gegenst\u00e4nde. Sollten diese Leistungen anfallen, berechnen wir zus\u00e4tzliche Lohnkosten nach Aufwand.<\/p>\n<p>Alle Mietartikel wie Textilien, Geschirr, Besteck und Gl\u00e4ser werden nach der R\u00fcckgabe aus lebensmittelrechtlichen Gr\u00fcnden grunds\u00e4tzlich von FestTr\u00e4ume gereinigt. Eine Nachberechnung extrem verschmutzter Artikel behalten wir uns vor.<br \/>\nTextilien (z.\u00a0B. Tischdecken, Hussen etc.) m\u00fcssen nach der Benutzung trocken zur\u00fcckgegeben werden.<\/p>\n<p>S\u00e4mtliche Beh\u00e4lter und Boxen sind Eigentum der Fa. FestTr\u00e4ume.<\/p>\n<p>Der Gesamtrechnungsbetrag ist bei R\u00fcckgabe der Ware ohne Abzug f\u00e4llig.<\/p>\n<p>Der Mieter tr\u00e4gt die Verantwortung f\u00fcr das Leihgut und die dazugeh\u00f6rigen Transportboxen von der \u00dcbernahme bis zur R\u00fcckgabe der Ware an FestTr\u00e4ume. Dies gilt auch f\u00fcr Sch\u00e4den, die durch Dritte oder h\u00f6here Gewalt verursacht werden.<\/p>\n<p>Die R\u00fccknahme erfolgt unter Vorbehalt, da exakte Bruch- und Fehlmengen sowie Besch\u00e4digungen erst nach vollst\u00e4ndig erfolgtem Reinigungsprozess ermittelt werden k\u00f6nnen. Der Preis f\u00fcr Bruch richtet sich nach den Wiederbeschaffungskosten, abz\u00fcglich Mietpreis.<\/p>\n<p>Die schriftliche Stornierung eines Auftrages ist bis drei Monate vor Veranstaltungsdatum m\u00f6glich. Bei sp\u00e4terer Stornierung ist 80% des Mietpreises f\u00e4llig.<\/p>\n","protected":false},"excerpt":{"rendered":"<p>Allgemeine Gesch\u00e4ftsbedingungen FestTr\u00e4ume Veranstaltungsagentur &nbsp; Der Mietpreis gilt pro Gebinde ab Lager f\u00fcr jeweils 3 Tage (= 1 Mieteinheit), auch [&hellip;]<\/p>\n","protected":false},"author":1,"featured_media":0,"parent":0,"menu_order":0,"comment_status":"closed","ping_status":"closed","template":"","meta":{"footnotes":""},"yoast_head":"<!-- This site is optimized with the Yoast SEO plugin v19.3 - https:\/\/yoast.com\/wordpress\/plugins\/seo\/ -->\n<title>Allgemeine Gesch\u00e4ftsbedingungen &ndash; FESTTR\u00c4UME<\/title>\n<meta name=\"robots\" content=\"index, follow, max-snippet:-1, max-image-preview:large, max-video-preview:-1\" \/>\n<link rel=\"canonical\" href=\"https:\/\/festtraeume.de\/wordpress\/allgemeine-geschaeftsbedingungen\/\" \/>\n<meta property=\"og:locale\" content=\"de_DE\" \/>\n<meta property=\"og:type\" content=\"article\" \/>\n<meta property=\"og:title\" content=\"Allgemeine Gesch\u00e4ftsbedingungen &ndash; FESTTR\u00c4UME\" \/>\n<meta property=\"og:description\" content=\"Allgemeine Gesch\u00e4ftsbedingungen FestTr\u00e4ume Veranstaltungsagentur &nbsp; Der Mietpreis gilt pro Gebinde ab Lager f\u00fcr jeweils 3 Tage (= 1 Mieteinheit), auch [&hellip;]\" \/>\n<meta property=\"og:url\" content=\"https:\/\/festtraeume.de\/wordpress\/allgemeine-geschaeftsbedingungen\/\" \/>\n<meta property=\"og:site_name\" content=\"FESTTR\u00c4UME\" \/>\n<meta property=\"article:modified_time\" content=\"2020-02-16T19:07:42+00:00\" \/>\n<meta name=\"twitter:card\" content=\"summary_large_image\" \/>\n<meta name=\"twitter:label1\" content=\"Gesch\u00e4tzte Lesezeit\" \/>\n\t<meta name=\"twitter:data1\" content=\"2\u00a0Minuten\" \/>\n<script type=\"application\/ld+json\" class=\"yoast-schema-graph\">{\"@context\":\"https:\/\/schema.org\",\"@graph\":[{\"@type\":\"Organization\",\"@id\":\"https:\/\/festtraeume.de\/wordpress\/#organization\",\"name\":\"Geschirrverleih Festtr\u00e4ume in Balingen\",\"url\":\"https:\/\/festtraeume.de\/wordpress\/\",\"sameAs\":[],\"logo\":{\"@type\":\"ImageObject\",\"inLanguage\":\"de\",\"@id\":\"https:\/\/festtraeume.de\/wordpress\/#\/schema\/logo\/image\/\",\"url\":\"\",\"contentUrl\":\"\",\"caption\":\"Geschirrverleih Festtr\u00e4ume in Balingen\"},\"image\":{\"@id\":\"https:\/\/festtraeume.de\/wordpress\/#\/schema\/logo\/image\/\"}},{\"@type\":\"WebSite\",\"@id\":\"https:\/\/festtraeume.de\/wordpress\/#website\",\"url\":\"https:\/\/festtraeume.de\/wordpress\/\",\"name\":\"Geschirrverleih Festtr\u00e4ume in Balingen - Teller, Besteck, Gl\u00e4ser mieten\",\"description\":\"\",\"publisher\":{\"@id\":\"https:\/\/festtraeume.de\/wordpress\/#organization\"},\"potentialAction\":[{\"@type\":\"SearchAction\",\"target\":{\"@type\":\"EntryPoint\",\"urlTemplate\":\"https:\/\/festtraeume.de\/wordpress\/?s={search_term_string}\"},\"query-input\":\"required name=search_term_string\"}],\"inLanguage\":\"de\"},{\"@type\":\"WebPage\",\"@id\":\"https:\/\/festtraeume.de\/wordpress\/allgemeine-geschaeftsbedingungen\/\",\"url\":\"https:\/\/festtraeume.de\/wordpress\/allgemeine-geschaeftsbedingungen\/\",\"name\":\"Allgemeine Gesch\u00e4ftsbedingungen &ndash; FESTTR\u00c4UME\",\"isPartOf\":{\"@id\":\"https:\/\/festtraeume.de\/wordpress\/#website\"},\"datePublished\":\"2019-02-04T20:43:11+00:00\",\"dateModified\":\"2020-02-16T19:07:42+00:00\",\"breadcrumb\":{\"@id\":\"https:\/\/festtraeume.de\/wordpress\/allgemeine-geschaeftsbedingungen\/#breadcrumb\"},\"inLanguage\":\"de\",\"potentialAction\":[{\"@type\":\"ReadAction\",\"target\":[\"https:\/\/festtraeume.de\/wordpress\/allgemeine-geschaeftsbedingungen\/\"]}]},{\"@type\":\"BreadcrumbList\",\"@id\":\"https:\/\/festtraeume.de\/wordpress\/allgemeine-geschaeftsbedingungen\/#breadcrumb\",\"itemListElement\":[{\"@type\":\"ListItem\",\"position\":1,\"name\":\"Startseite\",\"item\":\"https:\/\/festtraeume.de\/wordpress\/\"},{\"@type\":\"ListItem\",\"position\":2,\"name\":\"Allgemeine Gesch\u00e4ftsbedingungen\"}]}]}<\/script>\n<!-- \/ Yoast SEO plugin. -->","yoast_head_json":{"title":"Allgemeine Gesch\u00e4ftsbedingungen &ndash; FESTTR\u00c4UME","robots":{"index":"index","follow":"follow","max-snippet":"max-snippet:-1","max-image-preview":"max-image-preview:large","max-video-preview":"max-video-preview:-1"},"canonical":"https:\/\/festtraeume.de\/wordpress\/allgemeine-geschaeftsbedingungen\/","og_locale":"de_DE","og_type":"article","og_title":"Allgemeine Gesch\u00e4ftsbedingungen &ndash; FESTTR\u00c4UME","og_description":"Allgemeine Gesch\u00e4ftsbedingungen FestTr\u00e4ume Veranstaltungsagentur &nbsp; Der Mietpreis gilt pro Gebinde ab Lager f\u00fcr jeweils 3 Tage (= 1 Mieteinheit), auch [&hellip;]","og_url":"https:\/\/festtraeume.de\/wordpress\/allgemeine-geschaeftsbedingungen\/","og_site_name":"FESTTR\u00c4UME","article_modified_time":"2020-02-16T19:07:42+00:00","twitter_card":"summary_large_image","twitter_misc":{"Gesch\u00e4tzte Lesezeit":"2\u00a0Minuten"},"schema":{"@context":"https:\/\/schema.org","@graph":[{"@type":"Organization","@id":"https:\/\/festtraeume.de\/wordpress\/#organization","name":"Geschirrverleih Festtr\u00e4ume in Balingen","url":"https:\/\/festtraeume.de\/wordpress\/","sameAs":[],"logo":{"@type":"ImageObject","inLanguage":"de","@id":"https:\/\/festtraeume.de\/wordpress\/#\/schema\/logo\/image\/","url":"","contentUrl":"","caption":"Geschirrverleih Festtr\u00e4ume in Balingen"},"image":{"@id":"https:\/\/festtraeume.de\/wordpress\/#\/schema\/logo\/image\/"}},{"@type":"WebSite","@id":"https:\/\/festtraeume.de\/wordpress\/#website","url":"https:\/\/festtraeume.de\/wordpress\/","name":"Geschirrverleih Festtr\u00e4ume in Balingen - Teller, Besteck, Gl\u00e4ser mieten","description":"","publisher":{"@id":"https:\/\/festtraeume.de\/wordpress\/#organization"},"potentialAction":[{"@type":"SearchAction","target":{"@type":"EntryPoint","urlTemplate":"https:\/\/festtraeume.de\/wordpress\/?s={search_term_string}"},"query-input":"required name=search_term_string"}],"inLanguage":"de"},{"@type":"WebPage","@id":"https:\/\/festtraeume.de\/wordpress\/allgemeine-geschaeftsbedingungen\/","url":"https:\/\/festtraeume.de\/wordpress\/allgemeine-geschaeftsbedingungen\/","name":"Allgemeine Gesch\u00e4ftsbedingungen &ndash; FESTTR\u00c4UME","isPartOf":{"@id":"https:\/\/festtraeume.de\/wordpress\/#website"},"datePublished":"2019-02-04T20:43:11+00:00","dateModified":"2020-02-16T19:07:42+00:00","breadcrumb":{"@id":"https:\/\/festtraeume.de\/wordpress\/allgemeine-geschaeftsbedingungen\/#breadcrumb"},"inLanguage":"de","potentialAction":[{"@type":"ReadAction","target":["https:\/\/festtraeume.de\/wordpress\/allgemeine-geschaeftsbedingungen\/"]}]},{"@type":"BreadcrumbList","@id":"https:\/\/festtraeume.de\/wordpress\/allgemeine-geschaeftsbedingungen\/#breadcrumb","itemListElement":[{"@type":"ListItem","position":1,"name":"Startseite","item":"https:\/\/festtraeume.de\/wordpress\/"},{"@type":"ListItem","position":2,"name":"Allgemeine Gesch\u00e4ftsbedingungen"}]}]}},"_links":{"self":[{"href":"https:\/\/festtraeume.de\/wordpress\/wp-json\/wp\/v2\/pages\/2799"}],"collection":[{"href":"https:\/\/festtraeume.de\/wordpress\/wp-json\/wp\/v2\/pages"}],"about":[{"href":"https:\/\/festtraeume.de\/wordpress\/wp-json\/wp\/v2\/types\/page"}],"author":[{"embeddable":true,"href":"https:\/\/festtraeume.de\/wordpress\/wp-json\/wp\/v2\/users\/1"}],"replies":[{"embeddable":true,"href":"https:\/\/festtraeume.de\/wordpress\/wp-json\/wp\/v2\/comments?post=2799"}],"version-history":[{"count":5,"href":"https:\/\/festtraeume.de\/wordpress\/wp-json\/wp\/v2\/pages\/2799\/revisions"}],"predecessor-version":[{"id":20396,"href":"https:\/\/festtraeume.de\/wordpress\/wp-json\/wp\/v2\/pages\/2799\/revisions\/20396"}],"wp:attachment":[{"href":"https:\/\/festtraeume.de\/wordpress\/wp-json\/wp\/v2\/media?parent=2799"}],"curies":[{"name":"wp","href":"https:\/\/api.w.org\/{rel}","templated":true}]}}