{"id":20308,"date":"2020-01-15T01:27:24","date_gmt":"2020-01-15T01:27:24","guid":{"rendered":"http:\/\/festtraeume.de\/wordpress\/?page_id=20308"},"modified":"2026-01-24T12:59:18","modified_gmt":"2026-01-24T12:59:18","slug":"kontakt","status":"publish","type":"page","link":"https:\/\/festtraeume.de\/wordpress\/kontakt\/","title":{"rendered":"Kontakt"},"content":{"rendered":"<p>&nbsp;<\/p>\n<h1 style=\"text-align: center;\">KONTAKT<\/h1>\n<p><a href=\"http:\/\/festtraeume.de\/wordpress\/wp-content\/uploads\/2023\/09\/line.png\"><img decoding=\"async\" class=\"lazyload  wp-image-20857 aligncenter\" src=\"http:\/\/festtraeume.de\/wordpress\/wp-content\/uploads\/2023\/09\/line-300x59.png\" data-orig-src=\"http:\/\/festtraeume.de\/wordpress\/wp-content\/uploads\/2023\/09\/line-300x59.png\" alt=\"\" width=\"219\" height=\"43\" srcset=\"data:image\/svg+xml,%3Csvg%20xmlns%3D%27http%3A%2F%2Fwww.w3.org%2F2000%2Fsvg%27%20width%3D%27219%27%20height%3D%2743%27%20viewBox%3D%270%200%20219%2043%27%3E%3Crect%20width%3D%27219%27%20height%3D%2743%27%20fill-opacity%3D%220%22%2F%3E%3C%2Fsvg%3E\" data-srcset=\"https:\/\/festtraeume.de\/wordpress\/wp-content\/uploads\/2023\/09\/line-200x40.png 200w, https:\/\/festtraeume.de\/wordpress\/wp-content\/uploads\/2023\/09\/line-300x59.png 300w, https:\/\/festtraeume.de\/wordpress\/wp-content\/uploads\/2023\/09\/line.png 339w\" data-sizes=\"auto\" data-orig-sizes=\"(max-width: 219px) 100vw, 219px\" \/><\/a><\/p>\n<p style=\"text-align: center;\"><span style=\"letter-spacing: 3px;\"><b>Kontakt telefonisch 0171 \/ 17 80 709<\/b><\/span><\/p>\n<h2 style=\"text-align: center;\">Kontaktformular<\/h2>\n<p style=\"text-align: center;\">\u00dcber das Kontaktformular k\u00f6nnen Sie uns ganz schnell und einfach direkt kontaktieren. Wir werden uns umgehend mit Ihnen in Verbindung setzen. Aus rechtlichen Gr\u00fcnden d\u00fcrfen wir manche Felder nicht als Pflichtfelder deklarieren, bitte f\u00fcllen Sie zwecks Bearbeitung trotzdem alle n\u00f6tigen Zeilen aus.<\/p>\n<p style=\"text-align: center;\"><div role=\"form\" class=\"wpcf7\" id=\"wpcf7-f2954-o1\" lang=\"de-DE\" dir=\"ltr\">\n<div class=\"screen-reader-response\"><p role=\"status\" aria-live=\"polite\" aria-atomic=\"true\"><\/p> <ul><\/ul><\/div>\n<form action=\"\/wordpress\/wp-json\/wp\/v2\/pages\/20308#wpcf7-f2954-o1\" method=\"post\" class=\"wpcf7-form init\" novalidate=\"novalidate\" data-status=\"init\">\n<div style=\"display: none;\">\n<input type=\"hidden\" name=\"_wpcf7\" value=\"2954\" \/>\n<input type=\"hidden\" name=\"_wpcf7_version\" value=\"5.6.1\" \/>\n<input type=\"hidden\" name=\"_wpcf7_locale\" value=\"de_DE\" \/>\n<input type=\"hidden\" name=\"_wpcf7_unit_tag\" value=\"wpcf7-f2954-o1\" \/>\n<input type=\"hidden\" name=\"_wpcf7_container_post\" value=\"0\" \/>\n<input type=\"hidden\" name=\"_wpcf7_posted_data_hash\" value=\"\" \/>\n<\/div>\n<div style=\"margin-bottom: 35px;\" class=\"fusion-one-half fusion-layout-column fusion-spacing-yes\"><label aria-label=\"Name\"><span class=\"wpcf7-form-control-wrap\" data-name=\"your-name\"><input type=\"text\" name=\"your-name\" value=\"\" size=\"40\" class=\"wpcf7-form-control wpcf7-text\" aria-invalid=\"false\" placeholder=\"Name\" \/><\/span><\/label><\/div>\n<div style=\"margin-bottom: 35px;\" class=\"fusion-one-half fusion-layout-column fusion-column-last fusion-spacing-yes\"><label aria-label=\"Email\"><span class=\"wpcf7-form-control-wrap\" data-name=\"your-email\"><input type=\"email\" name=\"your-email\" value=\"\" size=\"40\" class=\"wpcf7-form-control wpcf7-text wpcf7-email wpcf7-validates-as-email\" aria-invalid=\"false\" placeholder=\"E-Mail Adresse\" \/><\/span><\/label><\/div>\n<div style=\"margin-bottom: 35px;\" class=\"fusion-one-half fusion-layout-column fusion-spacing-yes\"><label aria-label=\"Phone\"><span class=\"wpcf7-form-control-wrap\" data-name=\"tel-215\"><input type=\"tel\" name=\"tel-215\" value=\"\" size=\"40\" class=\"wpcf7-form-control wpcf7-text wpcf7-tel wpcf7-validates-as-tel\" aria-invalid=\"false\" placeholder=\"Telefonnummer\" \/><\/span><\/label><\/div>\n<div style=\"margin-bottom: 35px;\" class=\"fusion-one-half fusion-layout-column fusion-column-last fusion-spacing-yes\"><label aria-label=\"Anfrageart\"><span class=\"wpcf7-form-control-wrap\" data-name=\"date-481\"><input type=\"date\" name=\"date-481\" value=\"\" class=\"wpcf7-form-control wpcf7-date wpcf7-validates-as-date\" aria-invalid=\"false\" \/><\/span><\/label><\/div>\n<p><span class=\"wpcf7-form-control-wrap\" data-name=\"acceptance-60\"><span class=\"wpcf7-form-control wpcf7-acceptance\"><span class=\"wpcf7-list-item\"><label><input type=\"checkbox\" name=\"acceptance-60\" value=\"1\" aria-invalid=\"false\" \/><span class=\"wpcf7-list-item-label\">Ich habe die Datenschutzerkl\u00e4rung zur Kenntnis genommen. Ich stimme zu, dass meine Angaben und Daten zur Beantwortung meiner Anfrage elektronisch erhoben und gespeichert werden. Hinweis: Sie k\u00f6nnen Ihre Einwilligung jederzeit f\u00fcr die Zukunft per E-Mail an info@festtraeume.de widerrufen. <a href=\"\/datenschutz\">Datenschutzerkl\u00e4rung<\/a>.<\/span><\/label><\/span><\/span><\/span><\/p>\n<p style=\"margin-bottom: 35px;\"><label aria-label=\"Notes\"><span class=\"wpcf7-form-control-wrap\" data-name=\"your-message\"><textarea name=\"your-message\" cols=\"40\" rows=\"10\" class=\"wpcf7-form-control wpcf7-textarea\" aria-invalid=\"false\" placeholder=\"Nachricht\"><\/textarea><\/span><\/label><\/p>\n<p><input type=\"submit\" value=\"Senden\" class=\"wpcf7-form-control has-spinner wpcf7-submit\" \/> <\/p>\n<div class=\"wpcf7-response-output\" aria-hidden=\"true\"><\/div><\/form><\/div><\/p>\n<p>&nbsp;<\/p>\n","protected":false},"excerpt":{"rendered":"<p>&nbsp; KONTAKT Kontakt telefonisch 0171 \/ 17 80 709 Kontaktformular \u00dcber das Kontaktformular k\u00f6nnen Sie uns ganz schnell und einfach [&hellip;]<\/p>\n","protected":false},"author":1,"featured_media":0,"parent":0,"menu_order":0,"comment_status":"closed","ping_status":"closed","template":"","meta":{"footnotes":""},"yoast_head":"<!-- This site is optimized with the Yoast SEO plugin v19.3 - https:\/\/yoast.com\/wordpress\/plugins\/seo\/ -->\n<title>Kontakt &ndash; FESTTR\u00c4UME<\/title>\n<meta name=\"robots\" content=\"index, follow, max-snippet:-1, max-image-preview:large, max-video-preview:-1\" \/>\n<link rel=\"canonical\" href=\"https:\/\/festtraeume.de\/wordpress\/kontakt\/\" \/>\n<meta property=\"og:locale\" content=\"de_DE\" \/>\n<meta property=\"og:type\" content=\"article\" \/>\n<meta property=\"og:title\" content=\"Kontakt &ndash; FESTTR\u00c4UME\" \/>\n<meta property=\"og:description\" content=\"&nbsp; KONTAKT Kontakt telefonisch 0171 \/ 17 80 709 Kontaktformular \u00dcber das Kontaktformular k\u00f6nnen Sie uns ganz schnell und einfach [&hellip;]\" \/>\n<meta property=\"og:url\" content=\"https:\/\/festtraeume.de\/wordpress\/kontakt\/\" \/>\n<meta property=\"og:site_name\" content=\"FESTTR\u00c4UME\" \/>\n<meta property=\"article:modified_time\" content=\"2026-01-24T12:59:18+00:00\" \/>\n<meta property=\"og:image\" content=\"http:\/\/festtraeume.de\/wordpress\/wp-content\/uploads\/2023\/09\/line-300x59.png\" \/>\n<meta name=\"twitter:card\" content=\"summary_large_image\" \/>\n<meta name=\"twitter:label1\" content=\"Gesch\u00e4tzte Lesezeit\" \/>\n\t<meta name=\"twitter:data1\" content=\"1\u00a0Minute\" \/>\n<script type=\"application\/ld+json\" class=\"yoast-schema-graph\">{\"@context\":\"https:\/\/schema.org\",\"@graph\":[{\"@type\":\"Organization\",\"@id\":\"https:\/\/festtraeume.de\/wordpress\/#organization\",\"name\":\"Geschirrverleih Festtr\u00e4ume in Balingen\",\"url\":\"https:\/\/festtraeume.de\/wordpress\/\",\"sameAs\":[],\"logo\":{\"@type\":\"ImageObject\",\"inLanguage\":\"de\",\"@id\":\"https:\/\/festtraeume.de\/wordpress\/#\/schema\/logo\/image\/\",\"url\":\"\",\"contentUrl\":\"\",\"caption\":\"Geschirrverleih Festtr\u00e4ume in Balingen\"},\"image\":{\"@id\":\"https:\/\/festtraeume.de\/wordpress\/#\/schema\/logo\/image\/\"}},{\"@type\":\"WebSite\",\"@id\":\"https:\/\/festtraeume.de\/wordpress\/#website\",\"url\":\"https:\/\/festtraeume.de\/wordpress\/\",\"name\":\"Geschirrverleih Festtr\u00e4ume in Balingen - Teller, Besteck, Gl\u00e4ser mieten\",\"description\":\"\",\"publisher\":{\"@id\":\"https:\/\/festtraeume.de\/wordpress\/#organization\"},\"potentialAction\":[{\"@type\":\"SearchAction\",\"target\":{\"@type\":\"EntryPoint\",\"urlTemplate\":\"https:\/\/festtraeume.de\/wordpress\/?s={search_term_string}\"},\"query-input\":\"required name=search_term_string\"}],\"inLanguage\":\"de\"},{\"@type\":\"ImageObject\",\"inLanguage\":\"de\",\"@id\":\"https:\/\/festtraeume.de\/wordpress\/kontakt\/#primaryimage\",\"url\":\"https:\/\/festtraeume.de\/wordpress\/wp-content\/uploads\/2023\/09\/line.png\",\"contentUrl\":\"https:\/\/festtraeume.de\/wordpress\/wp-content\/uploads\/2023\/09\/line.png\",\"width\":339,\"height\":67},{\"@type\":\"WebPage\",\"@id\":\"https:\/\/festtraeume.de\/wordpress\/kontakt\/\",\"url\":\"https:\/\/festtraeume.de\/wordpress\/kontakt\/\",\"name\":\"Kontakt &ndash; FESTTR\u00c4UME\",\"isPartOf\":{\"@id\":\"https:\/\/festtraeume.de\/wordpress\/#website\"},\"primaryImageOfPage\":{\"@id\":\"https:\/\/festtraeume.de\/wordpress\/kontakt\/#primaryimage\"},\"datePublished\":\"2020-01-15T01:27:24+00:00\",\"dateModified\":\"2026-01-24T12:59:18+00:00\",\"breadcrumb\":{\"@id\":\"https:\/\/festtraeume.de\/wordpress\/kontakt\/#breadcrumb\"},\"inLanguage\":\"de\",\"potentialAction\":[{\"@type\":\"ReadAction\",\"target\":[\"https:\/\/festtraeume.de\/wordpress\/kontakt\/\"]}]},{\"@type\":\"BreadcrumbList\",\"@id\":\"https:\/\/festtraeume.de\/wordpress\/kontakt\/#breadcrumb\",\"itemListElement\":[{\"@type\":\"ListItem\",\"position\":1,\"name\":\"Startseite\",\"item\":\"https:\/\/festtraeume.de\/wordpress\/\"},{\"@type\":\"ListItem\",\"position\":2,\"name\":\"Kontakt\"}]}]}<\/script>\n<!-- \/ Yoast SEO plugin. -->","yoast_head_json":{"title":"Kontakt &ndash; FESTTR\u00c4UME","robots":{"index":"index","follow":"follow","max-snippet":"max-snippet:-1","max-image-preview":"max-image-preview:large","max-video-preview":"max-video-preview:-1"},"canonical":"https:\/\/festtraeume.de\/wordpress\/kontakt\/","og_locale":"de_DE","og_type":"article","og_title":"Kontakt &ndash; FESTTR\u00c4UME","og_description":"&nbsp; KONTAKT Kontakt telefonisch 0171 \/ 17 80 709 Kontaktformular \u00dcber das Kontaktformular k\u00f6nnen Sie uns ganz schnell und einfach [&hellip;]","og_url":"https:\/\/festtraeume.de\/wordpress\/kontakt\/","og_site_name":"FESTTR\u00c4UME","article_modified_time":"2026-01-24T12:59:18+00:00","og_image":[{"url":"http:\/\/festtraeume.de\/wordpress\/wp-content\/uploads\/2023\/09\/line-300x59.png"}],"twitter_card":"summary_large_image","twitter_misc":{"Gesch\u00e4tzte Lesezeit":"1\u00a0Minute"},"schema":{"@context":"https:\/\/schema.org","@graph":[{"@type":"Organization","@id":"https:\/\/festtraeume.de\/wordpress\/#organization","name":"Geschirrverleih Festtr\u00e4ume in Balingen","url":"https:\/\/festtraeume.de\/wordpress\/","sameAs":[],"logo":{"@type":"ImageObject","inLanguage":"de","@id":"https:\/\/festtraeume.de\/wordpress\/#\/schema\/logo\/image\/","url":"","contentUrl":"","caption":"Geschirrverleih Festtr\u00e4ume in Balingen"},"image":{"@id":"https:\/\/festtraeume.de\/wordpress\/#\/schema\/logo\/image\/"}},{"@type":"WebSite","@id":"https:\/\/festtraeume.de\/wordpress\/#website","url":"https:\/\/festtraeume.de\/wordpress\/","name":"Geschirrverleih Festtr\u00e4ume in Balingen - Teller, Besteck, Gl\u00e4ser mieten","description":"","publisher":{"@id":"https:\/\/festtraeume.de\/wordpress\/#organization"},"potentialAction":[{"@type":"SearchAction","target":{"@type":"EntryPoint","urlTemplate":"https:\/\/festtraeume.de\/wordpress\/?s={search_term_string}"},"query-input":"required name=search_term_string"}],"inLanguage":"de"},{"@type":"ImageObject","inLanguage":"de","@id":"https:\/\/festtraeume.de\/wordpress\/kontakt\/#primaryimage","url":"https:\/\/festtraeume.de\/wordpress\/wp-content\/uploads\/2023\/09\/line.png","contentUrl":"https:\/\/festtraeume.de\/wordpress\/wp-content\/uploads\/2023\/09\/line.png","width":339,"height":67},{"@type":"WebPage","@id":"https:\/\/festtraeume.de\/wordpress\/kontakt\/","url":"https:\/\/festtraeume.de\/wordpress\/kontakt\/","name":"Kontakt &ndash; FESTTR\u00c4UME","isPartOf":{"@id":"https:\/\/festtraeume.de\/wordpress\/#website"},"primaryImageOfPage":{"@id":"https:\/\/festtraeume.de\/wordpress\/kontakt\/#primaryimage"},"datePublished":"2020-01-15T01:27:24+00:00","dateModified":"2026-01-24T12:59:18+00:00","breadcrumb":{"@id":"https:\/\/festtraeume.de\/wordpress\/kontakt\/#breadcrumb"},"inLanguage":"de","potentialAction":[{"@type":"ReadAction","target":["https:\/\/festtraeume.de\/wordpress\/kontakt\/"]}]},{"@type":"BreadcrumbList","@id":"https:\/\/festtraeume.de\/wordpress\/kontakt\/#breadcrumb","itemListElement":[{"@type":"ListItem","position":1,"name":"Startseite","item":"https:\/\/festtraeume.de\/wordpress\/"},{"@type":"ListItem","position":2,"name":"Kontakt"}]}]}},"_links":{"self":[{"href":"https:\/\/festtraeume.de\/wordpress\/wp-json\/wp\/v2\/pages\/20308"}],"collection":[{"href":"https:\/\/festtraeume.de\/wordpress\/wp-json\/wp\/v2\/pages"}],"about":[{"href":"https:\/\/festtraeume.de\/wordpress\/wp-json\/wp\/v2\/types\/page"}],"author":[{"embeddable":true,"href":"https:\/\/festtraeume.de\/wordpress\/wp-json\/wp\/v2\/users\/1"}],"replies":[{"embeddable":true,"href":"https:\/\/festtraeume.de\/wordpress\/wp-json\/wp\/v2\/comments?post=20308"}],"version-history":[{"count":19,"href":"https:\/\/festtraeume.de\/wordpress\/wp-json\/wp\/v2\/pages\/20308\/revisions"}],"predecessor-version":[{"id":20968,"href":"https:\/\/festtraeume.de\/wordpress\/wp-json\/wp\/v2\/pages\/20308\/revisions\/20968"}],"wp:attachment":[{"href":"https:\/\/festtraeume.de\/wordpress\/wp-json\/wp\/v2\/media?parent=20308"}],"curies":[{"name":"wp","href":"https:\/\/api.w.org\/{rel}","templated":true}]}}