{"id":16572,"date":"2015-09-14T00:30:45","date_gmt":"2015-09-14T00:30:45","guid":{"rendered":"http:\/\/festtraeume.de\/wordpress\/?page_id=16572"},"modified":"2023-09-27T12:20:33","modified_gmt":"2023-09-27T12:20:33","slug":"home-1-2","status":"publish","type":"page","link":"https:\/\/festtraeume.de\/wordpress\/","title":{"rendered":"Startseite"},"content":{"rendered":"<p>&nbsp;<\/p>\n<h1 style=\"text-align: center;\"><strong>ZUBEH\u00d6RVERLEIH<\/strong><\/h1>\n<p><a href=\"http:\/\/festtraeume.de\/wordpress\/wp-content\/uploads\/2023\/09\/line.png\"><img decoding=\"async\" class=\"lazyload  wp-image-20857 aligncenter\" src=\"http:\/\/festtraeume.de\/wordpress\/wp-content\/uploads\/2023\/09\/line-300x59.png\" data-orig-src=\"http:\/\/festtraeume.de\/wordpress\/wp-content\/uploads\/2023\/09\/line-300x59.png\" alt=\"\" width=\"219\" height=\"43\" srcset=\"data:image\/svg+xml,%3Csvg%20xmlns%3D%27http%3A%2F%2Fwww.w3.org%2F2000%2Fsvg%27%20width%3D%27219%27%20height%3D%2743%27%20viewBox%3D%270%200%20219%2043%27%3E%3Crect%20width%3D%27219%27%20height%3D%2743%27%20fill-opacity%3D%220%22%2F%3E%3C%2Fsvg%3E\" data-srcset=\"https:\/\/festtraeume.de\/wordpress\/wp-content\/uploads\/2023\/09\/line-200x40.png 200w, https:\/\/festtraeume.de\/wordpress\/wp-content\/uploads\/2023\/09\/line-300x59.png 300w, https:\/\/festtraeume.de\/wordpress\/wp-content\/uploads\/2023\/09\/line.png 339w\" data-sizes=\"auto\" data-orig-sizes=\"(max-width: 219px) 100vw, 219px\" \/><\/a><\/p>\n<p style=\"text-align: center;\">In unserem Verleih-Shop k\u00f6nnen Sie ganz bequem Ihren Bedarf an Leihzubeh\u00f6r planen, und sehen im <a href=\"\/cart\">Warenkorb<\/a>, was Ihr Vorhaben kosten w\u00fcrde.<br \/>\nSie k\u00f6nnen diese Anfrage ganz unverbindlich an uns schicken und wir setzen uns umgehend mit Ihnen in Verbindung.<\/p>\n<p><span style=\"color: #c0225f;\"><strong><br \/>\nWir hei\u00dfen Sie herzlich bei uns Willkommen!<\/strong><\/span><\/p>\n<p>Mit \u00fcber 30 Jahren Erfahrung in Gastronomie und Catering wissen wir, was Sie brauchen, um Ihre Veranstaltung perfekt zu machen.<\/p>\n<p>St\u00f6bern Sie in unserem Verleih-Shop, was wir f\u00fcr Ihre zuk\u00fcnftigen Veranstaltungen anbieten, um Ihnen das Feiern zu erleichtern.<br \/>\nMachen Sie Gebrauch von unserem umfangreichen Sortiment an hochwertigem Leihzubeh\u00f6r.<\/p>\n<p>Nicht gen\u00fcgend gleiches Geschirr f\u00fcr die Party zuhause? Zu wenig sch\u00f6ne Weingl\u00e4ser? Oder haben Sie Bedarf an Stehtischen und sch\u00f6nen festlichen Hussen?\u00a0Bei uns bekommen Sie all das, was Ihnen noch zum perfekten Fest fehlt.<\/p>\n<p>Wir haben einen gro\u00dfen Bestand an Zubeh\u00f6rartikeln. \u00dcberzeugen Sie sich selbst \u2013 Sie finden bei uns z.B. auch Besonderheiten wie L\u00f6wenkopfterrinen mit Deckel f\u00fcr die Festtagssuppe, Windlichter aller Gr\u00f6\u00dfen f\u00fcr die Dekoration, Fingerfoodsch\u00e4lchen in allen Variationen und, und, und\u2026<\/p>\n<p>Und nat\u00fcrlich Artikel, die zu jedem Fest dazugeh\u00f6ren: Geschirr, Besteck, Gl\u00e4ser, Thermoskannen, Tischdecken, Stehtische und vieles mehr\u2026<\/p>\n<p>Achtung Vereine: Bei uns bekommen Sie Teller und Besteck f\u00fcr bis zu 1000 Personen!<\/p>\n<p>Alle Artikel geben Sie an uns ungereinigt zur\u00fcck und sparen sich somit die komplette Arbeit. Praktisch und hygienisch in Kisten verpackt stellen wir Ihnen die ben\u00f6tigten Dinge zur Verf\u00fcgung.<\/p>\n<p>Gerne k\u00f6nnen Sie sich in unserem <a href=\"\/wordpress\/verleih-shop\"><strong><em><u>Shop<\/u><\/em><\/strong> <\/a>die gew\u00fcnschten Artikel zusammenstellen \u2013 Sie erhalten von uns ein detailliertes Angebot zugeschickt.<br \/>\nDie Leihartikel k\u00f6nnen Sie wahlweise in unserem Lager nach Vereinbarung selbst abholen oder gegen Aufpreis bequem an Ihren Veranstaltungsort liefern lassen (je nach Entfernung und Auswahl).<\/p>\n<p>In unserer <a href=\"\/wordpress\/galerie\"><strong><em><u>Galerie<\/u><\/em><\/strong><\/a> finden Sie einige Eindr\u00fccke.<\/p>\n<p>&nbsp;<\/p>\n","protected":false},"excerpt":{"rendered":"<p>&nbsp; ZUBEH\u00d6RVERLEIH In unserem Verleih-Shop k\u00f6nnen Sie ganz bequem Ihren Bedarf an Leihzubeh\u00f6r planen, und sehen im Warenkorb, was Ihr [&hellip;]<\/p>\n","protected":false},"author":1,"featured_media":0,"parent":0,"menu_order":0,"comment_status":"closed","ping_status":"closed","template":"","meta":{"footnotes":""},"yoast_head":"<!-- This site is optimized with the Yoast SEO plugin v19.3 - https:\/\/yoast.com\/wordpress\/plugins\/seo\/ -->\n<title>Geschirrverleih Festtr\u00e4ume in Balingen - Teller, Besteck, Gl\u00e4ser mieten<\/title>\n<meta name=\"description\" content=\"Geschirrverleih Festtr\u00e4ume in Balingen ist Ihr Partner im Verleih von Tellern, Besteck, Gl\u00e4sern, Dekoration, Tischdecken und vielem mehr.\" \/>\n<meta name=\"robots\" content=\"index, follow, max-snippet:-1, max-image-preview:large, max-video-preview:-1\" \/>\n<link rel=\"canonical\" href=\"https:\/\/festtraeume.de\/wordpress\/\" \/>\n<meta property=\"og:locale\" content=\"de_DE\" \/>\n<meta property=\"og:type\" content=\"article\" \/>\n<meta property=\"og:title\" content=\"Geschirrverleih Festtr\u00e4ume in Balingen - Teller, Besteck, Gl\u00e4ser mieten\" \/>\n<meta property=\"og:description\" content=\"Geschirrverleih Festtr\u00e4ume in Balingen ist Ihr Partner im Verleih von Tellern, Besteck, Gl\u00e4sern, Dekoration, Tischdecken und vielem mehr.\" \/>\n<meta property=\"og:url\" content=\"https:\/\/festtraeume.de\/wordpress\/\" \/>\n<meta property=\"og:site_name\" content=\"FESTTR\u00c4UME\" \/>\n<meta property=\"article:modified_time\" content=\"2023-09-27T12:20:33+00:00\" \/>\n<meta property=\"og:image\" content=\"http:\/\/festtraeume.de\/wordpress\/wp-content\/uploads\/2023\/09\/line-300x59.png\" \/>\n<meta name=\"twitter:card\" content=\"summary_large_image\" \/>\n<meta name=\"twitter:label1\" content=\"Gesch\u00e4tzte Lesezeit\" \/>\n\t<meta name=\"twitter:data1\" content=\"2\u00a0Minuten\" \/>\n<script type=\"application\/ld+json\" class=\"yoast-schema-graph\">{\"@context\":\"https:\/\/schema.org\",\"@graph\":[{\"@type\":\"Organization\",\"@id\":\"https:\/\/festtraeume.de\/wordpress\/#organization\",\"name\":\"Geschirrverleih Festtr\u00e4ume in Balingen\",\"url\":\"https:\/\/festtraeume.de\/wordpress\/\",\"sameAs\":[],\"logo\":{\"@type\":\"ImageObject\",\"inLanguage\":\"de\",\"@id\":\"https:\/\/festtraeume.de\/wordpress\/#\/schema\/logo\/image\/\",\"url\":\"\",\"contentUrl\":\"\",\"caption\":\"Geschirrverleih Festtr\u00e4ume in Balingen\"},\"image\":{\"@id\":\"https:\/\/festtraeume.de\/wordpress\/#\/schema\/logo\/image\/\"}},{\"@type\":\"WebSite\",\"@id\":\"https:\/\/festtraeume.de\/wordpress\/#website\",\"url\":\"https:\/\/festtraeume.de\/wordpress\/\",\"name\":\"Geschirrverleih Festtr\u00e4ume in Balingen - Teller, Besteck, Gl\u00e4ser mieten\",\"description\":\"\",\"publisher\":{\"@id\":\"https:\/\/festtraeume.de\/wordpress\/#organization\"},\"potentialAction\":[{\"@type\":\"SearchAction\",\"target\":{\"@type\":\"EntryPoint\",\"urlTemplate\":\"https:\/\/festtraeume.de\/wordpress\/?s={search_term_string}\"},\"query-input\":\"required name=search_term_string\"}],\"inLanguage\":\"de\"},{\"@type\":\"ImageObject\",\"inLanguage\":\"de\",\"@id\":\"https:\/\/festtraeume.de\/wordpress\/#primaryimage\",\"url\":\"https:\/\/festtraeume.de\/wordpress\/wp-content\/uploads\/2023\/09\/line.png\",\"contentUrl\":\"https:\/\/festtraeume.de\/wordpress\/wp-content\/uploads\/2023\/09\/line.png\",\"width\":339,\"height\":67},{\"@type\":\"WebPage\",\"@id\":\"https:\/\/festtraeume.de\/wordpress\/\",\"url\":\"https:\/\/festtraeume.de\/wordpress\/\",\"name\":\"Geschirrverleih Festtr\u00e4ume in Balingen - Teller, Besteck, Gl\u00e4ser mieten\",\"isPartOf\":{\"@id\":\"https:\/\/festtraeume.de\/wordpress\/#website\"},\"primaryImageOfPage\":{\"@id\":\"https:\/\/festtraeume.de\/wordpress\/#primaryimage\"},\"datePublished\":\"2015-09-14T00:30:45+00:00\",\"dateModified\":\"2023-09-27T12:20:33+00:00\",\"description\":\"Geschirrverleih Festtr\u00e4ume in Balingen ist Ihr Partner im Verleih von Tellern, Besteck, Gl\u00e4sern, Dekoration, Tischdecken und vielem mehr.\",\"breadcrumb\":{\"@id\":\"https:\/\/festtraeume.de\/wordpress\/#breadcrumb\"},\"inLanguage\":\"de\",\"potentialAction\":[{\"@type\":\"ReadAction\",\"target\":[\"https:\/\/festtraeume.de\/wordpress\/\"]}]},{\"@type\":\"BreadcrumbList\",\"@id\":\"https:\/\/festtraeume.de\/wordpress\/#breadcrumb\",\"itemListElement\":[{\"@type\":\"ListItem\",\"position\":1,\"name\":\"Startseite\",\"item\":\"https:\/\/festtraeume.de\/wordpress\/\"},{\"@type\":\"ListItem\",\"position\":2,\"name\":\"Startseite\"}]}]}<\/script>\n<!-- \/ Yoast SEO plugin. -->","yoast_head_json":{"title":"Geschirrverleih Festtr\u00e4ume in Balingen - Teller, Besteck, Gl\u00e4ser mieten","description":"Geschirrverleih Festtr\u00e4ume in Balingen ist Ihr Partner im Verleih von Tellern, Besteck, Gl\u00e4sern, Dekoration, Tischdecken und vielem mehr.","robots":{"index":"index","follow":"follow","max-snippet":"max-snippet:-1","max-image-preview":"max-image-preview:large","max-video-preview":"max-video-preview:-1"},"canonical":"https:\/\/festtraeume.de\/wordpress\/","og_locale":"de_DE","og_type":"article","og_title":"Geschirrverleih Festtr\u00e4ume in Balingen - Teller, Besteck, Gl\u00e4ser mieten","og_description":"Geschirrverleih Festtr\u00e4ume in Balingen ist Ihr Partner im Verleih von Tellern, Besteck, Gl\u00e4sern, Dekoration, Tischdecken und vielem mehr.","og_url":"https:\/\/festtraeume.de\/wordpress\/","og_site_name":"FESTTR\u00c4UME","article_modified_time":"2023-09-27T12:20:33+00:00","og_image":[{"url":"http:\/\/festtraeume.de\/wordpress\/wp-content\/uploads\/2023\/09\/line-300x59.png"}],"twitter_card":"summary_large_image","twitter_misc":{"Gesch\u00e4tzte Lesezeit":"2\u00a0Minuten"},"schema":{"@context":"https:\/\/schema.org","@graph":[{"@type":"Organization","@id":"https:\/\/festtraeume.de\/wordpress\/#organization","name":"Geschirrverleih Festtr\u00e4ume in Balingen","url":"https:\/\/festtraeume.de\/wordpress\/","sameAs":[],"logo":{"@type":"ImageObject","inLanguage":"de","@id":"https:\/\/festtraeume.de\/wordpress\/#\/schema\/logo\/image\/","url":"","contentUrl":"","caption":"Geschirrverleih Festtr\u00e4ume in Balingen"},"image":{"@id":"https:\/\/festtraeume.de\/wordpress\/#\/schema\/logo\/image\/"}},{"@type":"WebSite","@id":"https:\/\/festtraeume.de\/wordpress\/#website","url":"https:\/\/festtraeume.de\/wordpress\/","name":"Geschirrverleih Festtr\u00e4ume in Balingen - Teller, Besteck, Gl\u00e4ser mieten","description":"","publisher":{"@id":"https:\/\/festtraeume.de\/wordpress\/#organization"},"potentialAction":[{"@type":"SearchAction","target":{"@type":"EntryPoint","urlTemplate":"https:\/\/festtraeume.de\/wordpress\/?s={search_term_string}"},"query-input":"required name=search_term_string"}],"inLanguage":"de"},{"@type":"ImageObject","inLanguage":"de","@id":"https:\/\/festtraeume.de\/wordpress\/#primaryimage","url":"https:\/\/festtraeume.de\/wordpress\/wp-content\/uploads\/2023\/09\/line.png","contentUrl":"https:\/\/festtraeume.de\/wordpress\/wp-content\/uploads\/2023\/09\/line.png","width":339,"height":67},{"@type":"WebPage","@id":"https:\/\/festtraeume.de\/wordpress\/","url":"https:\/\/festtraeume.de\/wordpress\/","name":"Geschirrverleih Festtr\u00e4ume in Balingen - Teller, Besteck, Gl\u00e4ser mieten","isPartOf":{"@id":"https:\/\/festtraeume.de\/wordpress\/#website"},"primaryImageOfPage":{"@id":"https:\/\/festtraeume.de\/wordpress\/#primaryimage"},"datePublished":"2015-09-14T00:30:45+00:00","dateModified":"2023-09-27T12:20:33+00:00","description":"Geschirrverleih Festtr\u00e4ume in Balingen ist Ihr Partner im Verleih von Tellern, Besteck, Gl\u00e4sern, Dekoration, Tischdecken und vielem mehr.","breadcrumb":{"@id":"https:\/\/festtraeume.de\/wordpress\/#breadcrumb"},"inLanguage":"de","potentialAction":[{"@type":"ReadAction","target":["https:\/\/festtraeume.de\/wordpress\/"]}]},{"@type":"BreadcrumbList","@id":"https:\/\/festtraeume.de\/wordpress\/#breadcrumb","itemListElement":[{"@type":"ListItem","position":1,"name":"Startseite","item":"https:\/\/festtraeume.de\/wordpress\/"},{"@type":"ListItem","position":2,"name":"Startseite"}]}]}},"_links":{"self":[{"href":"https:\/\/festtraeume.de\/wordpress\/wp-json\/wp\/v2\/pages\/16572"}],"collection":[{"href":"https:\/\/festtraeume.de\/wordpress\/wp-json\/wp\/v2\/pages"}],"about":[{"href":"https:\/\/festtraeume.de\/wordpress\/wp-json\/wp\/v2\/types\/page"}],"author":[{"embeddable":true,"href":"https:\/\/festtraeume.de\/wordpress\/wp-json\/wp\/v2\/users\/1"}],"replies":[{"embeddable":true,"href":"https:\/\/festtraeume.de\/wordpress\/wp-json\/wp\/v2\/comments?post=16572"}],"version-history":[{"count":76,"href":"https:\/\/festtraeume.de\/wordpress\/wp-json\/wp\/v2\/pages\/16572\/revisions"}],"predecessor-version":[{"id":20868,"href":"https:\/\/festtraeume.de\/wordpress\/wp-json\/wp\/v2\/pages\/16572\/revisions\/20868"}],"wp:attachment":[{"href":"https:\/\/festtraeume.de\/wordpress\/wp-json\/wp\/v2\/media?parent=16572"}],"curies":[{"name":"wp","href":"https:\/\/api.w.org\/{rel}","templated":true}]}}