{"id":1226,"date":"2018-06-12T19:03:52","date_gmt":"2018-06-12T19:03:52","guid":{"rendered":"http:\/\/festtraeume.de\/wordpress\/?page_id=1226"},"modified":"2026-01-05T18:21:32","modified_gmt":"2026-01-05T18:21:32","slug":"impressum","status":"publish","type":"page","link":"https:\/\/festtraeume.de\/wordpress\/impressum\/","title":{"rendered":"Impressum"},"content":{"rendered":"<div id=\"cc-m-7809421715\" class=\"j-module n j-header \">\n<h1>Impressum<\/h1>\n<h2>Angaben gem\u00e4\u00df \u00a7 5 TMG<\/h2>\n<h4>Derzeit befinden wir uns in der Standortverlagerung und \u00dcbernahme der Website &#8211; die neuen Daten werden schnellstm\u00f6glich hier ver\u00f6ffentlicht!<\/h4>\n<h2>EU-Streitschlichtung<\/h2>\n<p>Die Europ\u00e4ische Kommission stellt eine Plattform zur Online-Streitbeilegung (OS) bereit:\u00a0<a href=\"https:\/\/ec.europa.eu\/consumers\/odr\/\" target=\"_blank\" rel=\"noopener noreferrer\">https:\/\/ec.europa.eu\/consumers\/odr\/<\/a>.<br \/>\nUnsere E-Mail-Adresse finden Sie oben im Impressum.<\/p>\n<h2>Verbraucher\u00adstreit\u00adbeilegung\/Universal\u00adschlichtungs\u00adstelle<\/h2>\n<p>Wir sind nicht bereit oder verpflichtet, an Streitbeilegungsverfahren vor einer Verbraucherschlichtungsstelle teilzunehmen.<\/p>\n<\/div>\n<div id=\"cc-m-7809421915\" class=\"j-module n j-text \">\n<h2><strong>Verwendete Bildquellen:<\/strong><\/h2>\n<p>Shop: \u00a9 EM Group Deutschland GmbH<\/p>\n<\/div>\n","protected":false},"excerpt":{"rendered":"<p>Impressum Angaben gem\u00e4\u00df \u00a7 5 TMG Derzeit befinden wir uns in der Standortverlagerung und \u00dcbernahme der Website &#8211; die neuen [&hellip;]<\/p>\n","protected":false},"author":1,"featured_media":0,"parent":0,"menu_order":0,"comment_status":"closed","ping_status":"closed","template":"","meta":{"footnotes":""},"yoast_head":"<!-- This site is optimized with the Yoast SEO plugin v19.3 - https:\/\/yoast.com\/wordpress\/plugins\/seo\/ -->\n<title>Impressum &ndash; FESTTR\u00c4UME<\/title>\n<meta name=\"robots\" content=\"index, follow, max-snippet:-1, max-image-preview:large, max-video-preview:-1\" \/>\n<link rel=\"canonical\" href=\"https:\/\/festtraeume.de\/wordpress\/impressum\/\" \/>\n<meta property=\"og:locale\" content=\"de_DE\" \/>\n<meta property=\"og:type\" content=\"article\" \/>\n<meta property=\"og:title\" content=\"Impressum &ndash; FESTTR\u00c4UME\" \/>\n<meta property=\"og:description\" content=\"Impressum Angaben gem\u00e4\u00df \u00a7 5 TMG Derzeit befinden wir uns in der Standortverlagerung und \u00dcbernahme der Website &#8211; die neuen [&hellip;]\" \/>\n<meta property=\"og:url\" content=\"https:\/\/festtraeume.de\/wordpress\/impressum\/\" \/>\n<meta property=\"og:site_name\" content=\"FESTTR\u00c4UME\" \/>\n<meta property=\"article:modified_time\" content=\"2026-01-05T18:21:32+00:00\" \/>\n<meta name=\"twitter:card\" content=\"summary_large_image\" \/>\n<meta name=\"twitter:label1\" content=\"Gesch\u00e4tzte Lesezeit\" \/>\n\t<meta name=\"twitter:data1\" content=\"1\u00a0Minute\" \/>\n<script type=\"application\/ld+json\" class=\"yoast-schema-graph\">{\"@context\":\"https:\/\/schema.org\",\"@graph\":[{\"@type\":\"Organization\",\"@id\":\"https:\/\/festtraeume.de\/wordpress\/#organization\",\"name\":\"Geschirrverleih Festtr\u00e4ume in Balingen\",\"url\":\"https:\/\/festtraeume.de\/wordpress\/\",\"sameAs\":[],\"logo\":{\"@type\":\"ImageObject\",\"inLanguage\":\"de\",\"@id\":\"https:\/\/festtraeume.de\/wordpress\/#\/schema\/logo\/image\/\",\"url\":\"\",\"contentUrl\":\"\",\"caption\":\"Geschirrverleih Festtr\u00e4ume in Balingen\"},\"image\":{\"@id\":\"https:\/\/festtraeume.de\/wordpress\/#\/schema\/logo\/image\/\"}},{\"@type\":\"WebSite\",\"@id\":\"https:\/\/festtraeume.de\/wordpress\/#website\",\"url\":\"https:\/\/festtraeume.de\/wordpress\/\",\"name\":\"Geschirrverleih Festtr\u00e4ume in Balingen - Teller, Besteck, Gl\u00e4ser mieten\",\"description\":\"\",\"publisher\":{\"@id\":\"https:\/\/festtraeume.de\/wordpress\/#organization\"},\"potentialAction\":[{\"@type\":\"SearchAction\",\"target\":{\"@type\":\"EntryPoint\",\"urlTemplate\":\"https:\/\/festtraeume.de\/wordpress\/?s={search_term_string}\"},\"query-input\":\"required name=search_term_string\"}],\"inLanguage\":\"de\"},{\"@type\":\"WebPage\",\"@id\":\"https:\/\/festtraeume.de\/wordpress\/impressum\/\",\"url\":\"https:\/\/festtraeume.de\/wordpress\/impressum\/\",\"name\":\"Impressum &ndash; FESTTR\u00c4UME\",\"isPartOf\":{\"@id\":\"https:\/\/festtraeume.de\/wordpress\/#website\"},\"datePublished\":\"2018-06-12T19:03:52+00:00\",\"dateModified\":\"2026-01-05T18:21:32+00:00\",\"breadcrumb\":{\"@id\":\"https:\/\/festtraeume.de\/wordpress\/impressum\/#breadcrumb\"},\"inLanguage\":\"de\",\"potentialAction\":[{\"@type\":\"ReadAction\",\"target\":[\"https:\/\/festtraeume.de\/wordpress\/impressum\/\"]}]},{\"@type\":\"BreadcrumbList\",\"@id\":\"https:\/\/festtraeume.de\/wordpress\/impressum\/#breadcrumb\",\"itemListElement\":[{\"@type\":\"ListItem\",\"position\":1,\"name\":\"Startseite\",\"item\":\"https:\/\/festtraeume.de\/wordpress\/\"},{\"@type\":\"ListItem\",\"position\":2,\"name\":\"Impressum\"}]}]}<\/script>\n<!-- \/ Yoast SEO plugin. -->","yoast_head_json":{"title":"Impressum &ndash; FESTTR\u00c4UME","robots":{"index":"index","follow":"follow","max-snippet":"max-snippet:-1","max-image-preview":"max-image-preview:large","max-video-preview":"max-video-preview:-1"},"canonical":"https:\/\/festtraeume.de\/wordpress\/impressum\/","og_locale":"de_DE","og_type":"article","og_title":"Impressum &ndash; FESTTR\u00c4UME","og_description":"Impressum Angaben gem\u00e4\u00df \u00a7 5 TMG Derzeit befinden wir uns in der Standortverlagerung und \u00dcbernahme der Website &#8211; die neuen [&hellip;]","og_url":"https:\/\/festtraeume.de\/wordpress\/impressum\/","og_site_name":"FESTTR\u00c4UME","article_modified_time":"2026-01-05T18:21:32+00:00","twitter_card":"summary_large_image","twitter_misc":{"Gesch\u00e4tzte Lesezeit":"1\u00a0Minute"},"schema":{"@context":"https:\/\/schema.org","@graph":[{"@type":"Organization","@id":"https:\/\/festtraeume.de\/wordpress\/#organization","name":"Geschirrverleih Festtr\u00e4ume in Balingen","url":"https:\/\/festtraeume.de\/wordpress\/","sameAs":[],"logo":{"@type":"ImageObject","inLanguage":"de","@id":"https:\/\/festtraeume.de\/wordpress\/#\/schema\/logo\/image\/","url":"","contentUrl":"","caption":"Geschirrverleih Festtr\u00e4ume in Balingen"},"image":{"@id":"https:\/\/festtraeume.de\/wordpress\/#\/schema\/logo\/image\/"}},{"@type":"WebSite","@id":"https:\/\/festtraeume.de\/wordpress\/#website","url":"https:\/\/festtraeume.de\/wordpress\/","name":"Geschirrverleih Festtr\u00e4ume in Balingen - Teller, Besteck, Gl\u00e4ser mieten","description":"","publisher":{"@id":"https:\/\/festtraeume.de\/wordpress\/#organization"},"potentialAction":[{"@type":"SearchAction","target":{"@type":"EntryPoint","urlTemplate":"https:\/\/festtraeume.de\/wordpress\/?s={search_term_string}"},"query-input":"required name=search_term_string"}],"inLanguage":"de"},{"@type":"WebPage","@id":"https:\/\/festtraeume.de\/wordpress\/impressum\/","url":"https:\/\/festtraeume.de\/wordpress\/impressum\/","name":"Impressum &ndash; FESTTR\u00c4UME","isPartOf":{"@id":"https:\/\/festtraeume.de\/wordpress\/#website"},"datePublished":"2018-06-12T19:03:52+00:00","dateModified":"2026-01-05T18:21:32+00:00","breadcrumb":{"@id":"https:\/\/festtraeume.de\/wordpress\/impressum\/#breadcrumb"},"inLanguage":"de","potentialAction":[{"@type":"ReadAction","target":["https:\/\/festtraeume.de\/wordpress\/impressum\/"]}]},{"@type":"BreadcrumbList","@id":"https:\/\/festtraeume.de\/wordpress\/impressum\/#breadcrumb","itemListElement":[{"@type":"ListItem","position":1,"name":"Startseite","item":"https:\/\/festtraeume.de\/wordpress\/"},{"@type":"ListItem","position":2,"name":"Impressum"}]}]}},"_links":{"self":[{"href":"https:\/\/festtraeume.de\/wordpress\/wp-json\/wp\/v2\/pages\/1226"}],"collection":[{"href":"https:\/\/festtraeume.de\/wordpress\/wp-json\/wp\/v2\/pages"}],"about":[{"href":"https:\/\/festtraeume.de\/wordpress\/wp-json\/wp\/v2\/types\/page"}],"author":[{"embeddable":true,"href":"https:\/\/festtraeume.de\/wordpress\/wp-json\/wp\/v2\/users\/1"}],"replies":[{"embeddable":true,"href":"https:\/\/festtraeume.de\/wordpress\/wp-json\/wp\/v2\/comments?post=1226"}],"version-history":[{"count":11,"href":"https:\/\/festtraeume.de\/wordpress\/wp-json\/wp\/v2\/pages\/1226\/revisions"}],"predecessor-version":[{"id":20965,"href":"https:\/\/festtraeume.de\/wordpress\/wp-json\/wp\/v2\/pages\/1226\/revisions\/20965"}],"wp:attachment":[{"href":"https:\/\/festtraeume.de\/wordpress\/wp-json\/wp\/v2\/media?parent=1226"}],"curies":[{"name":"wp","href":"https:\/\/api.w.org\/{rel}","templated":true}]}}